{"id":18412,"date":"2022-01-28T13:46:00","date_gmt":"2022-01-28T13:46:00","guid":{"rendered":"https:\/\/entwurf.wahlpartners.com\/?page_id=18412"},"modified":"2025-10-22T19:56:33","modified_gmt":"2025-10-22T17:56:33","slug":"about-us","status":"publish","type":"page","link":"https:\/\/wahlpartners.com\/en\/about-us\/","title":{"rendered":"About us"},"content":{"rendered":"<div data-elementor-type=\"wp-page\" data-elementor-id=\"18412\" class=\"elementor elementor-18412\">\n\t\t\t\t\t\t\t\t\t<section class=\"elementor-section elementor-top-section elementor-element elementor-element-91dcd2c elementor-section-boxed elementor-section-height-default elementor-section-height-default sc_fly_static\" data-id=\"91dcd2c\" data-element_type=\"section\">\n\t\t\t\t\t\t<div class=\"elementor-container elementor-column-gap-extended\">\n\t\t\t\t\t<div class=\"elementor-column elementor-col-100 elementor-top-column elementor-element elementor-element-001837f sc_inner_width_none sc_content_align_inherit sc_layouts_column_icons_position_left sc_fly_static\" data-id=\"001837f\" data-element_type=\"column\">\n\t\t\t<div class=\"elementor-widget-wrap elementor-element-populated\">\n\t\t\t\t\t\t\t\t<div class=\"elementor-element elementor-element-e5f9e7e sc_height_huge sc_fly_static elementor-widget elementor-widget-spacer\" data-id=\"e5f9e7e\" data-element_type=\"widget\" data-widget_type=\"spacer.default\">\n\t\t\t\t<div class=\"elementor-widget-container\">\n\t\t\t\t\t<div class=\"elementor-spacer\">\n\t\t\t<div class=\"elementor-spacer-inner\"><\/div>\n\t\t<\/div>\n\t\t\t\t<\/div>\n\t\t\t\t<\/div>\n\t\t\t\t\t<\/div>\n\t\t<\/div>\n\t\t\t\t\t\t\t<\/div>\n\t\t<\/section>\n\t\t\t\t<section class=\"elementor-section elementor-top-section elementor-element elementor-element-a86747f elementor-reverse-mobile elementor-section-boxed elementor-section-height-default elementor-section-height-default sc_fly_static\" data-id=\"a86747f\" data-element_type=\"section\">\n\t\t\t\t\t\t<div class=\"elementor-container elementor-column-gap-extended\">\n\t\t\t\t\t<div class=\"elementor-column elementor-col-50 elementor-top-column elementor-element elementor-element-572c16e sc_inner_width_none sc_content_align_inherit sc_layouts_column_icons_position_left sc_fly_static\" data-id=\"572c16e\" data-element_type=\"column\">\n\t\t\t<div class=\"elementor-widget-wrap elementor-element-populated\">\n\t\t\t\t\t\t\t\t<div class=\"elementor-element elementor-element-4c82816 sc_fly_static elementor-widget elementor-widget-trx_sc_title\" data-id=\"4c82816\" data-element_type=\"widget\" data-widget_type=\"trx_sc_title.default\">\n\t\t\t\t<div class=\"elementor-widget-container\">\n\t\t\t<div\t\tclass=\"sc_title sc_title_default\" ><span class=\"sc_item_subtitle sc_title_subtitle sc_item_subtitle_above sc_item_title_style_default\">Managing Partner, CEO<\/span><h1 class=\"sc_item_title sc_title_title sc_item_title_style_default sc_item_title_tag\"\n\t\t\t><span class=\"sc_item_title_text\">J\u00fcrgen Wahl<\/span><\/h1><\/div>\t\t<\/div>\n\t\t\t\t<\/div>\n\t\t\t\t<div class=\"elementor-element elementor-element-6af0772 sc_fly_static elementor-widget elementor-widget-text-editor\" data-id=\"6af0772\" data-element_type=\"widget\" data-widget_type=\"text-editor.default\">\n\t\t\t\t<div class=\"elementor-widget-container\">\n\t\t\t\t\t\t\t<p>I am a passionate \"hands-on\" entrepreneur, interim manager, and business consultant with extensive international management experience in various leadership positions in the energy sector, circular economy, environmental technology industry, system catering, as well as in the public sector and management consulting.<\/p><p>In den vergangenen 20 Jahren habe ich\u00a0Unternehmen aufgebaut, geleitet und\/oder restrukturiert und bei der nachhaltigen Transformation hin zu mehr Nachhaltigkeit und Digitalisierung unterst\u00fctzt und mich an mehreren Unternehmen beteiligt. Meine Expertise zu Gesch\u00e4ftsmodellen, Business- &amp; Finanzpl\u00e4nen, Wachstumsmanagement &amp; Finanzierung sowie Restrukturierung &amp; Turnaround habe ich einer Vielzahl von Start-ups und Gr\u00fcnderInnen und als Venture Partner einigen Kapitalgebern zur Verf\u00fcgung gestellt.<\/p>\t\t\t\t\t\t<\/div>\n\t\t\t\t<\/div>\n\t\t\t\t<div class=\"elementor-element elementor-element-c46d7e4 sc_fly_static elementor-widget elementor-widget-spacer\" data-id=\"c46d7e4\" data-element_type=\"widget\" data-widget_type=\"spacer.default\">\n\t\t\t\t<div class=\"elementor-widget-container\">\n\t\t\t\t\t<div class=\"elementor-spacer\">\n\t\t\t<div class=\"elementor-spacer-inner\"><\/div>\n\t\t<\/div>\n\t\t\t\t<\/div>\n\t\t\t\t<\/div>\n\t\t\t\t<div class=\"elementor-element elementor-element-8e58ede e-grid-align-left elementor-shape-rounded elementor-grid-0 sc_fly_static elementor-widget elementor-widget-social-icons\" data-id=\"8e58ede\" data-element_type=\"widget\" data-widget_type=\"social-icons.default\">\n\t\t\t\t<div class=\"elementor-widget-container\">\n\t\t\t\t\t<div class=\"elementor-social-icons-wrapper elementor-grid\">\n\t\t\t\t\t\t\t<span class=\"elementor-grid-item\">\n\t\t\t\t\t<a class=\"elementor-icon elementor-social-icon elementor-social-icon-linkedin elementor-repeater-item-529f817\" href=\"https:\/\/www.linkedin.com\/in\/j%C3%BCrgen-wahl-45909712\/\" target=\"_blank\">\n\t\t\t\t\t\t<span class=\"elementor-screen-only\">Linkedin<\/span>\n\t\t\t\t\t\t<i class=\"fab fa-linkedin\"><\/i>\t\t\t\t\t<\/a>\n\t\t\t\t<\/span>\n\t\t\t\t\t<\/div>\n\t\t\t\t<\/div>\n\t\t\t\t<\/div>\n\t\t\t\t<div class=\"elementor-element elementor-element-ef425da sc_fly_static elementor-widget elementor-widget-spacer\" data-id=\"ef425da\" data-element_type=\"widget\" data-widget_type=\"spacer.default\">\n\t\t\t\t<div class=\"elementor-widget-container\">\n\t\t\t\t\t<div class=\"elementor-spacer\">\n\t\t\t<div class=\"elementor-spacer-inner\"><\/div>\n\t\t<\/div>\n\t\t\t\t<\/div>\n\t\t\t\t<\/div>\n\t\t\t\t\t<\/div>\n\t\t<\/div>\n\t\t\t\t<div class=\"elementor-column elementor-col-50 elementor-top-column elementor-element elementor-element-4ed9828 sc_inner_width_none sc_content_align_inherit sc_layouts_column_icons_position_left sc_fly_static\" data-id=\"4ed9828\" data-element_type=\"column\">\n\t\t\t<div class=\"elementor-widget-wrap elementor-element-populated\">\n\t\t\t\t\t\t\t\t<div class=\"elementor-element elementor-element-ebf8c13 sc_fly_static elementor-widget elementor-widget-image\" data-id=\"ebf8c13\" data-element_type=\"widget\" data-widget_type=\"image.default\">\n\t\t\t\t<div class=\"elementor-widget-container\">\n\t\t\t\t\t\t\t\t\t\t\t\t\t\t\t<img fetchpriority=\"high\" decoding=\"async\" width=\"1024\" height=\"1024\" src=\"https:\/\/wahlpartners.com\/wp-content\/uploads\/2024\/03\/WAHL_EXAA-scaled-e1711392535526-1024x1024.jpg\" class=\"attachment-large size-large wp-image-23004\" alt=\"\" srcset=\"https:\/\/wahlpartners.com\/wp-content\/uploads\/2024\/03\/WAHL_EXAA-scaled-e1711392535526-1024x1024.jpg 1024w, https:\/\/wahlpartners.com\/wp-content\/uploads\/2024\/03\/WAHL_EXAA-scaled-e1711392535526-300x300.jpg 300w, https:\/\/wahlpartners.com\/wp-content\/uploads\/2024\/03\/WAHL_EXAA-scaled-e1711392535526-150x150.jpg 150w, https:\/\/wahlpartners.com\/wp-content\/uploads\/2024\/03\/WAHL_EXAA-scaled-e1711392535526-768x768.jpg 768w, https:\/\/wahlpartners.com\/wp-content\/uploads\/2024\/03\/WAHL_EXAA-scaled-e1711392535526-1536x1536.jpg 1536w, https:\/\/wahlpartners.com\/wp-content\/uploads\/2024\/03\/WAHL_EXAA-scaled-e1711392535526-12x12.jpg 12w, https:\/\/wahlpartners.com\/wp-content\/uploads\/2024\/03\/WAHL_EXAA-scaled-e1711392535526-370x370.jpg 370w, https:\/\/wahlpartners.com\/wp-content\/uploads\/2024\/03\/WAHL_EXAA-scaled-e1711392535526-120x120.jpg 120w, https:\/\/wahlpartners.com\/wp-content\/uploads\/2024\/03\/WAHL_EXAA-scaled-e1711392535526-840x840.jpg 840w, https:\/\/wahlpartners.com\/wp-content\/uploads\/2024\/03\/WAHL_EXAA-scaled-e1711392535526-410x410.jpg 410w, https:\/\/wahlpartners.com\/wp-content\/uploads\/2024\/03\/WAHL_EXAA-scaled-e1711392535526.jpg 1920w\" sizes=\"(max-width: 1024px) 100vw, 1024px\" \/>\t\t\t\t\t\t\t\t\t\t\t\t\t\t\t<\/div>\n\t\t\t\t<\/div>\n\t\t\t\t\t<\/div>\n\t\t<\/div>\n\t\t\t\t\t\t\t<\/div>\n\t\t<\/section>\n\t\t\t\t<section class=\"elementor-section elementor-top-section elementor-element elementor-element-4b06348 elementor-section-boxed elementor-section-height-default elementor-section-height-default sc_fly_static\" data-id=\"4b06348\" data-element_type=\"section\" data-settings=\"{&quot;background_background&quot;:&quot;classic&quot;}\">\n\t\t\t\t\t\t<div class=\"elementor-container elementor-column-gap-extended\">\n\t\t\t\t\t<div class=\"elementor-column elementor-col-100 elementor-top-column elementor-element elementor-element-551ea75 sc_inner_width_none sc_content_align_inherit sc_layouts_column_icons_position_left sc_fly_static\" data-id=\"551ea75\" data-element_type=\"column\">\n\t\t\t<div class=\"elementor-widget-wrap elementor-element-populated\">\n\t\t\t\t\t\t\t\t<div class=\"elementor-element elementor-element-a6dccc5 sc_fly_static elementor-widget elementor-widget-spacer\" data-id=\"a6dccc5\" data-element_type=\"widget\" data-widget_type=\"spacer.default\">\n\t\t\t\t<div class=\"elementor-widget-container\">\n\t\t\t\t\t<div class=\"elementor-spacer\">\n\t\t\t<div class=\"elementor-spacer-inner\"><\/div>\n\t\t<\/div>\n\t\t\t\t<\/div>\n\t\t\t\t<\/div>\n\t\t\t\t\t<\/div>\n\t\t<\/div>\n\t\t\t\t\t\t\t<\/div>\n\t\t<\/section>\n\t\t\t\t<section class=\"elementor-section elementor-top-section elementor-element elementor-element-4d047e7 elementor-section-boxed elementor-section-height-default elementor-section-height-default sc_fly_static\" data-id=\"4d047e7\" data-element_type=\"section\" data-settings=\"{&quot;background_background&quot;:&quot;classic&quot;}\">\n\t\t\t\t\t\t<div class=\"elementor-container elementor-column-gap-extended\">\n\t\t\t\t\t<div class=\"elementor-column elementor-col-50 elementor-top-column elementor-element elementor-element-04ba55a sc_inner_width_none sc_content_align_inherit sc_layouts_column_icons_position_left sc_fly_static\" data-id=\"04ba55a\" data-element_type=\"column\">\n\t\t\t<div class=\"elementor-widget-wrap elementor-element-populated\">\n\t\t\t\t\t\t\t\t<div class=\"elementor-element elementor-element-cb9ee83 sc_fly_static elementor-widget elementor-widget-image\" data-id=\"cb9ee83\" data-element_type=\"widget\" data-widget_type=\"image.default\">\n\t\t\t\t<div class=\"elementor-widget-container\">\n\t\t\t\t\t\t\t\t\t\t\t\t\t\t\t<img decoding=\"async\" width=\"400\" height=\"400\" src=\"https:\/\/wahlpartners.com\/wp-content\/uploads\/2024\/03\/Katerina-Wahl.jpg\" class=\"attachment-large size-large wp-image-22859\" alt=\"\" srcset=\"https:\/\/wahlpartners.com\/wp-content\/uploads\/2024\/03\/Katerina-Wahl.jpg 400w, https:\/\/wahlpartners.com\/wp-content\/uploads\/2024\/03\/Katerina-Wahl-300x300.jpg 300w, https:\/\/wahlpartners.com\/wp-content\/uploads\/2024\/03\/Katerina-Wahl-150x150.jpg 150w, https:\/\/wahlpartners.com\/wp-content\/uploads\/2024\/03\/Katerina-Wahl-12x12.jpg 12w, https:\/\/wahlpartners.com\/wp-content\/uploads\/2024\/03\/Katerina-Wahl-370x370.jpg 370w, https:\/\/wahlpartners.com\/wp-content\/uploads\/2024\/03\/Katerina-Wahl-120x120.jpg 120w\" sizes=\"(max-width: 600px) 100vw, 400px\" \/>\t\t\t\t\t\t\t\t\t\t\t\t\t\t\t<\/div>\n\t\t\t\t<\/div>\n\t\t\t\t\t<\/div>\n\t\t<\/div>\n\t\t\t\t<div class=\"elementor-column elementor-col-50 elementor-top-column elementor-element elementor-element-d71838a sc_inner_width_none sc_content_align_inherit sc_layouts_column_icons_position_left sc_fly_static\" data-id=\"d71838a\" data-element_type=\"column\">\n\t\t\t<div class=\"elementor-widget-wrap elementor-element-populated\">\n\t\t\t\t\t\t\t\t<div class=\"elementor-element elementor-element-fd87a8c sc_fly_static elementor-widget elementor-widget-trx_sc_title\" data-id=\"fd87a8c\" data-element_type=\"widget\" data-widget_type=\"trx_sc_title.default\">\n\t\t\t\t<div class=\"elementor-widget-container\">\n\t\t\t<div\t\tclass=\"sc_title sc_title_default\" ><span class=\"sc_item_subtitle sc_title_subtitle sc_item_subtitle_above sc_item_title_style_default\">Partner Projekte, COO<\/span><h1 class=\"sc_item_title sc_title_title sc_item_title_style_default sc_item_title_tag\"\n\t\t\t><span class=\"sc_item_title_text\">Katerina Wahl<\/span><\/h1><\/div>\t\t<\/div>\n\t\t\t\t<\/div>\n\t\t\t\t<div class=\"elementor-element elementor-element-0229885 sc_fly_static elementor-widget elementor-widget-text-editor\" data-id=\"0229885\" data-element_type=\"widget\" data-widget_type=\"text-editor.default\">\n\t\t\t\t<div class=\"elementor-widget-container\">\n\t\t\t\t\t\t\t<p>Ich habe an der Universit\u00e4t Wien Sprachwissenschaften studiert, einige Jahre als Sprachtrainerin gearbeitet und langj\u00e4hrige Erfahrung im Management von Bildungs- und Migrationsprojekten und in der Gesch\u00e4ftsf\u00fchrung von \u00f6ffentlichen und privaten Institutionen gesammelt.<\/p><p>Dabei habe ich mehrere Digitalisierungsprojekte und Restrukturierungen erfolgreich umgesetzt und ein Team von \u00fcber 150 Mitarbeitern aufgebaut und gef\u00fchrt.<\/p><p>Ich bin aktive Unternehmensberaterin und betreue einen Teil des Beteiligungsportfolios. Ich bin weiters verantwortlich f\u00fcr das interne Projekt- und Prozessmanagement der Wahl &amp; Partner GmbH.<\/p>\t\t\t\t\t\t<\/div>\n\t\t\t\t<\/div>\n\t\t\t\t<div class=\"elementor-element elementor-element-c9947f9 sc_fly_static elementor-widget elementor-widget-spacer\" data-id=\"c9947f9\" data-element_type=\"widget\" data-widget_type=\"spacer.default\">\n\t\t\t\t<div class=\"elementor-widget-container\">\n\t\t\t\t\t<div class=\"elementor-spacer\">\n\t\t\t<div class=\"elementor-spacer-inner\"><\/div>\n\t\t<\/div>\n\t\t\t\t<\/div>\n\t\t\t\t<\/div>\n\t\t\t\t<div class=\"elementor-element elementor-element-1a8c03c e-grid-align-left elementor-shape-rounded elementor-grid-0 sc_fly_static elementor-widget elementor-widget-social-icons\" data-id=\"1a8c03c\" data-element_type=\"widget\" data-widget_type=\"social-icons.default\">\n\t\t\t\t<div class=\"elementor-widget-container\">\n\t\t\t\t\t<div class=\"elementor-social-icons-wrapper elementor-grid\">\n\t\t\t\t\t\t\t<span class=\"elementor-grid-item\">\n\t\t\t\t\t<a class=\"elementor-icon elementor-social-icon elementor-social-icon-linkedin elementor-repeater-item-df902e0\" href=\"https:\/\/www.linkedin.com\/in\/katerina-wahl-8305aa19\/\" target=\"_blank\">\n\t\t\t\t\t\t<span class=\"elementor-screen-only\">Linkedin<\/span>\n\t\t\t\t\t\t<i class=\"fab fa-linkedin\"><\/i>\t\t\t\t\t<\/a>\n\t\t\t\t<\/span>\n\t\t\t\t\t<\/div>\n\t\t\t\t<\/div>\n\t\t\t\t<\/div>\n\t\t\t\t<div class=\"elementor-element elementor-element-d079125 sc_fly_static elementor-widget elementor-widget-spacer\" data-id=\"d079125\" data-element_type=\"widget\" data-widget_type=\"spacer.default\">\n\t\t\t\t<div class=\"elementor-widget-container\">\n\t\t\t\t\t<div class=\"elementor-spacer\">\n\t\t\t<div class=\"elementor-spacer-inner\"><\/div>\n\t\t<\/div>\n\t\t\t\t<\/div>\n\t\t\t\t<\/div>\n\t\t\t\t\t<\/div>\n\t\t<\/div>\n\t\t\t\t\t\t\t<\/div>\n\t\t<\/section>\n\t\t\t\t<section class=\"elementor-section elementor-top-section elementor-element elementor-element-9590137 elementor-section-boxed elementor-section-height-default elementor-section-height-default sc_fly_static\" data-id=\"9590137\" data-element_type=\"section\" data-settings=\"{&quot;background_background&quot;:&quot;classic&quot;}\">\n\t\t\t\t\t\t<div class=\"elementor-container elementor-column-gap-extended\">\n\t\t\t\t\t<div class=\"elementor-column elementor-col-100 elementor-top-column elementor-element elementor-element-d8cc970 sc_inner_width_none sc_content_align_inherit sc_layouts_column_icons_position_left sc_fly_static\" data-id=\"d8cc970\" data-element_type=\"column\">\n\t\t\t<div class=\"elementor-widget-wrap elementor-element-populated\">\n\t\t\t\t\t\t\t\t<div class=\"elementor-element elementor-element-996359a sc_fly_static elementor-widget elementor-widget-spacer\" data-id=\"996359a\" data-element_type=\"widget\" data-widget_type=\"spacer.default\">\n\t\t\t\t<div class=\"elementor-widget-container\">\n\t\t\t\t\t<div class=\"elementor-spacer\">\n\t\t\t<div class=\"elementor-spacer-inner\"><\/div>\n\t\t<\/div>\n\t\t\t\t<\/div>\n\t\t\t\t<\/div>\n\t\t\t\t\t<\/div>\n\t\t<\/div>\n\t\t\t\t\t\t\t<\/div>\n\t\t<\/section>\n\t\t\t\t\t\t\t<\/div>","protected":false},"excerpt":{"rendered":"<p>Managing Partner, CEO J\u00fcrgen Wahl Ich bin ein leidenschaftlicher &#8220;hands-on&#8221; Unternehmer, Interim Manager und Unternehmensberater&hellip;<\/p>","protected":false},"author":1,"featured_media":0,"parent":0,"menu_order":0,"comment_status":"closed","ping_status":"closed","template":"","meta":{"footnotes":""},"class_list":["post-18412","page","type-page","status-publish","hentry"],"_links":{"self":[{"href":"https:\/\/wahlpartners.com\/en\/wp-json\/wp\/v2\/pages\/18412","targetHints":{"allow":["GET"]}}],"collection":[{"href":"https:\/\/wahlpartners.com\/en\/wp-json\/wp\/v2\/pages"}],"about":[{"href":"https:\/\/wahlpartners.com\/en\/wp-json\/wp\/v2\/types\/page"}],"author":[{"embeddable":true,"href":"https:\/\/wahlpartners.com\/en\/wp-json\/wp\/v2\/users\/1"}],"replies":[{"embeddable":true,"href":"https:\/\/wahlpartners.com\/en\/wp-json\/wp\/v2\/comments?post=18412"}],"version-history":[{"count":44,"href":"https:\/\/wahlpartners.com\/en\/wp-json\/wp\/v2\/pages\/18412\/revisions"}],"predecessor-version":[{"id":23595,"href":"https:\/\/wahlpartners.com\/en\/wp-json\/wp\/v2\/pages\/18412\/revisions\/23595"}],"wp:attachment":[{"href":"https:\/\/wahlpartners.com\/en\/wp-json\/wp\/v2\/media?parent=18412"}],"curies":[{"name":"wp","href":"https:\/\/api.w.org\/{rel}","templated":true}]}}